{"id":326,"date":"2017-11-03T11:09:45","date_gmt":"2017-11-03T11:09:45","guid":{"rendered":"http:\/\/sicoris.com\/?page_id=326&#038;lang=es"},"modified":"2017-11-03T12:12:42","modified_gmt":"2017-11-03T12:12:42","slug":"inicio","status":"publish","type":"page","link":"https:\/\/sicoris.com\/es\/","title":{"rendered":"INICIO"},"content":{"rendered":"<section class=\"l-section wpb_row height_auto\"><div class=\"l-section-h i-cf\"><div class=\"g-cols vc_row type_default valign_top\"><div class=\"vc_col-sm-12 wpb_column vc_column_container\"><div class=\"vc_column-inner\"><div class=\"wpb_wrapper\">[rev_slider_vc alias=\u00bbespanol\u00bb]<\/div><\/div><\/div><\/div><\/div><\/section><section class=\"l-section wpb_row height_auto\"><div class=\"l-section-h i-cf\"><div class=\"g-cols vc_row type_default valign_top\"><div class=\"vc_col-sm-12 wpb_column vc_column_container\"><div class=\"vc_column-inner\"><div class=\"wpb_wrapper\">[vc_empty_space height=\u00bb108px\u00bb]\r\n\t<div class=\"wpb_text_column \">\r\n\t\t<div class=\"wpb_wrapper\">\r\n\t\t\t<h1 style=\"text-align: center;\"><span style=\"color: #474747;\">GRUPO PROMOTOR SICORIS<\/span><\/h1>\n\r\n\t\t<\/div>\r\n\t<\/div>\r\n[vc_empty_space height=\u00bb45px\u00bb]\r\n\t<div class=\"wpb_text_column \">\r\n\t\t<div class=\"wpb_wrapper\">\r\n\t\t\t<h4 style=\"text-align: center;\"><span style=\"color: #474747;\">Somos una empresa de promoci\u00f3n inmobiliaria residencial con una orientaci\u00f3n a la profesionalidad y al producto de calidad<\/span><\/h4>\n\r\n\t\t<\/div>\r\n\t<\/div>\r\n[vc_empty_space height=\u00bb108px\u00bb]<\/div><\/div><\/div><\/div><\/div><\/section><section class=\"l-section wpb_row height_auto width_full with_img\"><div class=\"l-section-img\" style=\"background-image: url(https:\/\/sicoris.com\/wp-content\/uploads\/2017\/10\/Foto03.jpg);\" data-img-width=\"1367\" data-img-height=\"1126\"><\/div><div class=\"l-section-h i-cf\"><div class=\"g-cols vc_row type_default valign_top\"><div class=\"vc_col-sm-12 wpb_column vc_column_container\"><div class=\"vc_column-inner\"><div class=\"wpb_wrapper\"><div class=\"g-cols wpb_row type_default valign_top vc_inner \"><div class=\"vc_col-sm-12 wpb_column vc_column_container\"><div class=\"vc_column-inner\"><div class=\"wpb_wrapper\">[vc_empty_space height=\u00bb108px\u00bb]<\/div><\/div><\/div><\/div><div class=\"g-cols wpb_row type_default valign_top vc_inner \"><div class=\"vc_col-sm-4 wpb_column vc_column_container has-fill\"><div class=\"vc_column-inner  vc_custom_1509632375105\"><div class=\"wpb_wrapper\">\r\n\t<div class=\"wpb_text_column  vc_custom_1509707244361\">\r\n\t\t<div class=\"wpb_wrapper\">\r\n\t\t\t<h1><span style=\"color: #ffffff;\">SICORIS<\/span><\/h1>\n\r\n\t\t<\/div>\r\n\t<\/div>\r\n<\/div><\/div><\/div><div class=\"vc_col-sm-4 wpb_column vc_column_container\"><div class=\"vc_column-inner\"><div class=\"wpb_wrapper\">[vc_empty_space]<\/div><\/div><\/div><div class=\"vc_col-sm-4 wpb_column vc_column_container\"><div class=\"vc_column-inner\"><div class=\"wpb_wrapper\">[vc_empty_space]<\/div><\/div><\/div><\/div><div class=\"g-cols wpb_row type_default valign_top vc_inner \"><div class=\"vc_col-sm-6 wpb_column vc_column_container has-fill\"><div class=\"vc_column-inner  vc_custom_1509632394353\"><div class=\"wpb_wrapper\">\r\n\t<div class=\"wpb_text_column  vc_custom_1509707258247\">\r\n\t\t<div class=\"wpb_wrapper\">\r\n\t\t\t<h4><span style=\"color: #ffffff;\">M\u00e1s de 35 a\u00f1os dedicados a la promoci\u00f3n inmobiliaria, dando calidad de vida a las personas.<\/span><\/h4>\n\r\n\t\t<\/div>\r\n\t<\/div>\r\n<\/div><\/div><\/div><div class=\"vc_col-sm-6 wpb_column vc_column_container\"><div class=\"vc_column-inner\"><div class=\"wpb_wrapper\">[vc_empty_space]<\/div><\/div><\/div><\/div><div class=\"g-cols wpb_row type_default valign_top vc_inner \"><div class=\"vc_col-sm-8 wpb_column vc_column_container has-fill\"><div class=\"vc_column-inner  vc_custom_1509641528780\"><div class=\"wpb_wrapper\">\r\n\t<div class=\"wpb_text_column  vc_custom_1509707291944\">\r\n\t\t<div class=\"wpb_wrapper\">\r\n\t\t\t<p><span style=\"color: #474747;\">GRUPO PROMOTOR SICORIS es un grupo empresarial promotor. De propiedad familiar, lleva m\u00e1s de 35 a\u00f1os dedicado a la actividad de promoci\u00f3n inmobiliaria, especializado en el sector residencial. En estos 35 a\u00f1os hemos realizado m\u00e1s de 40 promociones de obra nueva y rehabilitaci\u00f3n, viviendas unifamiliares y plurifamiliares, renta libre y VPO, en ciudades grandes como en poblaciones peque\u00f1as, con m\u00e1s de 400 viviendas acabadas. <\/span><\/p>\n<p><span style=\"color: #474747;\">Somos una empresa con una gran flexibilidad en la que nos hemos rodeado de unos grandes profesionales a lo largo de los a\u00f1os con los que trabajamos habitualmente. Esto nos permite tener una gran flexibilidad y al mismo tiempo poder estar encima de las promociones para controlarlas mejor.<\/span><\/p>\n\r\n\t\t<\/div>\r\n\t<\/div>\r\n<\/div><\/div><\/div><div class=\"vc_col-sm-4 wpb_column vc_column_container\"><div class=\"vc_column-inner\"><div class=\"wpb_wrapper\">[vc_empty_space]<\/div><\/div><\/div><\/div><div class=\"g-cols wpb_row type_default valign_top vc_inner \"><div class=\"vc_col-sm-12 wpb_column vc_column_container\"><div class=\"vc_column-inner\"><div class=\"wpb_wrapper\">[vc_empty_space height=\u00bb45px\u00bb]<\/div><\/div><\/div><\/div><div class=\"g-cols wpb_row type_default valign_top vc_inner  vc_custom_1509093954978\"><div class=\"vc_col-sm-8 wpb_column vc_column_container\"><div class=\"vc_column-inner\"><div class=\"wpb_wrapper\"><\/div><\/div><\/div><div class=\"vc_col-sm-4 wpb_column vc_column_container\"><div class=\"vc_column-inner\"><div class=\"wpb_wrapper\"><div class=\"w-btn-wrapper align_left\"><a class=\"w-btn style_solid color_primary icon_none\" href=\"http:\/\/sicoris.com\/?page_id=21\" style=\"font-size:24px;\"><span class=\"w-btn-label\">Saber m\u00e1s sobre nosotros<\/span><\/a><\/div><\/div><\/div><\/div><\/div><div class=\"g-cols wpb_row type_default valign_top vc_inner \"><div class=\"vc_col-sm-12 wpb_column vc_column_container\"><div class=\"vc_column-inner\"><div class=\"wpb_wrapper\">[vc_empty_space height=\u00bb108px\u00bb]<\/div><\/div><\/div><\/div><\/div><\/div><\/div><\/div><\/div><\/section><section class=\"l-section wpb_row height_auto width_full with_overlay\"><div class=\"l-section-overlay\" style=\"background-color: #afc8b5\"><\/div><div class=\"l-section-h i-cf\"><div class=\"g-cols vc_row type_default valign_top\"><div class=\"vc_col-sm-12 wpb_column vc_column_container\"><div class=\"vc_column-inner\"><div class=\"wpb_wrapper\">[vc_empty_space height=\u00bb81px\u00bb]\r\n\t<div class=\"wpb_text_column  vc_custom_1509707331330\">\r\n\t\t<div class=\"wpb_wrapper\">\r\n\t\t\t<h1><strong><span style=\"color: #ffffff;\">Datos:<\/span><\/strong><\/h1>\n\r\n\t\t<\/div>\r\n\t<\/div>\r\n[vc_empty_space height=\u00bb36px\u00bb]<div class=\"g-cols wpb_row type_default valign_top vc_inner \"><div class=\"vc_col-sm-3 wpb_column vc_column_container\"><div class=\"vc_column-inner\"><div class=\"wpb_wrapper\">\r\n\t<div class=\"wpb_text_column \">\r\n\t\t<div class=\"wpb_wrapper\">\r\n\t\t\t<h3 style=\"text-align: center;\">M\u00e1s de<\/h3>\n\r\n\t\t<\/div>\r\n\t<\/div>\r\n<div class=\"w-counter size_small color_heading align_center\" data-initial=\"0\" data-target=\"35\" data-prefix=\"\" data-suffix=\"\">\r\n\t<div class=\"w-counter-h\">\r\n\t\t<div class=\"w-counter-number\">\r\n\t\t\t0\t\t<\/div>\r\n\t\t\t\t<h3 class=\"w-counter-title\">a\u00f1os promoviendo\t<\/h3>\r\n\t<\/div>\r\n<\/div>\r\n<\/div><\/div><\/div><div class=\"vc_col-sm-3 wpb_column vc_column_container\"><div class=\"vc_column-inner\"><div class=\"wpb_wrapper\">\r\n\t<div class=\"wpb_text_column \">\r\n\t\t<div class=\"wpb_wrapper\">\r\n\t\t\t<h3 style=\"text-align: center;\">M\u00e1s de<\/h3>\n\r\n\t\t<\/div>\r\n\t<\/div>\r\n<div class=\"w-counter size_small color_heading align_center\" data-initial=\"0\" data-target=\"40\" data-prefix=\"\" data-suffix=\"\">\r\n\t<div class=\"w-counter-h\">\r\n\t\t<div class=\"w-counter-number\">\r\n\t\t\t0\t\t<\/div>\r\n\t\t\t\t<h3 class=\"w-counter-title\">promociones realizadas\t<\/h3>\r\n\t<\/div>\r\n<\/div>\r\n<\/div><\/div><\/div><div class=\"vc_col-sm-3 wpb_column vc_column_container\"><div class=\"vc_column-inner\"><div class=\"wpb_wrapper\">\r\n\t<div class=\"wpb_text_column \">\r\n\t\t<div class=\"wpb_wrapper\">\r\n\t\t\t<h3 style=\"text-align: center;\">M\u00e1s de<\/h3>\n\r\n\t\t<\/div>\r\n\t<\/div>\r\n<div class=\"w-counter size_small color_heading align_center\" data-initial=\"0\" data-target=\"35.000\" data-prefix=\"\" data-suffix=\"\">\r\n\t<div class=\"w-counter-h\">\r\n\t\t<div class=\"w-counter-number\">\r\n\t\t\t0\t\t<\/div>\r\n\t\t\t\t<h3 class=\"w-counter-title\">m2 construidos\t<\/h3>\r\n\t<\/div>\r\n<\/div>\r\n<\/div><\/div><\/div><div class=\"vc_col-sm-3 wpb_column vc_column_container\"><div class=\"vc_column-inner\"><div class=\"wpb_wrapper\">\r\n\t<div class=\"wpb_text_column \">\r\n\t\t<div class=\"wpb_wrapper\">\r\n\t\t\t<h3 style=\"text-align: center;\">M\u00e1s de<\/h3>\n\r\n\t\t<\/div>\r\n\t<\/div>\r\n<div class=\"w-counter size_small color_heading align_center\" data-initial=\"0\" data-target=\"400\" data-prefix=\"\" data-suffix=\"\">\r\n\t<div class=\"w-counter-h\">\r\n\t\t<div class=\"w-counter-number\">\r\n\t\t\t0\t\t<\/div>\r\n\t\t\t\t<h3 class=\"w-counter-title\">viviendas construidas\t<\/h3>\r\n\t<\/div>\r\n<\/div>\r\n<\/div><\/div><\/div><\/div>[vc_empty_space height=\u00bb108px\u00bb]<\/div><\/div><\/div><\/div><\/div><\/section><section class=\"l-section wpb_row height_auto width_full\"><div class=\"l-section-h i-cf\"><div class=\"g-cols vc_row type_default valign_middle\"><div class=\"vc_col-sm-12 wpb_column vc_column_container\"><div class=\"vc_column-inner\"><div class=\"wpb_wrapper\">[vc_empty_space height=\u00bb108px\u00bb]<div class=\"g-cols wpb_row type_default valign_middle vc_inner \"><div class=\"vc_col-sm-6 wpb_column vc_column_container\"><div class=\"vc_column-inner\"><div class=\"wpb_wrapper\">\r\n\t<div class=\"wpb_text_column  vc_custom_1509708695107\">\r\n\t\t<div class=\"wpb_wrapper\">\r\n\t\t\t<h2><span style=\"color: #474747;\">Que tenemos:<\/span><\/h2>\n<h3><\/h3>\n\r\n\t\t<\/div>\r\n\t<\/div>\r\n[vc_empty_space height=\u00bb27px\u00bb]\r\n\t<div class=\"wpb_text_column  vc_custom_1509707518909\">\r\n\t\t<div class=\"wpb_wrapper\">\r\n\t\t\t<p><span style=\"color: #474747;\">Un gran equipo de profesionales orientados al \u00e9xito del proyecto<\/span><\/p>\n<p><span style=\"color: #474747;\">Experiencia de m\u00e1s de treinta y cinco a\u00f1os en el sector<\/span><\/p>\n<p><span style=\"color: #474747;\">Cumplimiento de garant\u00edas, costes i t\u00e9rminos<\/span><\/p>\n<p><span style=\"color: #474747;\">Tratamiento personalizado i directo<\/span><\/p>\n\r\n\t\t<\/div>\r\n\t<\/div>\r\n[vc_empty_space height=\u00bb45px\u00bb]<div class=\"w-btn-wrapper align_center\"><a class=\"w-btn style_outlined color_secondary icon_none\" href=\"http:\/\/sicoris.com\/?page_id=23\" style=\"font-size:20px;\"><span class=\"w-btn-label\">Servicios<\/span><\/a><\/div><\/div><\/div><\/div><div class=\"vc_col-sm-6 wpb_column vc_column_container\"><div class=\"vc_column-inner\"><div class=\"wpb_wrapper\"><div class=\"w-image\"><div class=\"w-image-h\"><img loading=\"lazy\" decoding=\"async\" width=\"944\" height=\"590\" src=\"https:\/\/sicoris.com\/wp-content\/uploads\/2017\/10\/W416405.jpg\" class=\"attachment-full size-full\" alt=\"\" srcset=\"https:\/\/sicoris.com\/wp-content\/uploads\/2017\/10\/W416405.jpg 944w, https:\/\/sicoris.com\/wp-content\/uploads\/2017\/10\/W416405-300x188.jpg 300w, https:\/\/sicoris.com\/wp-content\/uploads\/2017\/10\/W416405-768x480.jpg 768w\" sizes=\"(max-width: 944px) 100vw, 944px\" \/><\/div><\/div><\/div><\/div><\/div><\/div>[vc_empty_space height=\u00bb108px\u00bb]<\/div><\/div><\/div><\/div><\/div><\/section><section class=\"l-section wpb_row height_auto with_img\"><div class=\"l-section-img\" style=\"background-image: url(https:\/\/sicoris.com\/wp-content\/uploads\/2017\/10\/WFondo.jpg);\" data-img-width=\"1910\" data-img-height=\"1279\"><\/div><div class=\"l-section-h i-cf\"><div class=\"g-cols vc_row type_default valign_middle\"><div class=\"vc_col-sm-12 wpb_column vc_column_container\"><div class=\"vc_column-inner\"><div class=\"wpb_wrapper\">[vc_empty_space height=\u00bb108px\u00bb]<div class=\"g-cols wpb_row type_default valign_middle vc_inner \"><div class=\"vc_col-sm-6 wpb_column vc_column_container\"><div class=\"vc_column-inner\"><div class=\"wpb_wrapper\">\r\n\t<div class=\"wpb_text_column \">\r\n\t\t<div class=\"wpb_wrapper\">\r\n\t\t\t<h1>Contacto<\/h1>\n\r\n\t\t<\/div>\r\n\t<\/div>\r\n<div class=\"w-form for_cform align_left\" id=\"us_form_1\">\r\n\t<form class=\"w-form-h\" autocomplete=\"off\" action=\"https:\/\/sicoris.com\/es\/wp-json\/wp\/v2\/pages\/326\" method=\"post\">\r\n\t\t\t\t\t\t\t<div class=\"w-form-row for_name required\">\r\n\t<div class=\"w-form-row-label\">\r\n\t\t<label for=\"us_form_1_name\"><\/label>\r\n\t<\/div>\r\n\t<div class=\"w-form-row-field\">\r\n\t\t\t\t<input type=\"text\" name=\"name\" id=\"us_form_1_name\" value=\"\"\r\n\t\t\t   placeholder=\"Nombre *\" data-required=\"true\" aria-required=\"true\"\/>\r\n\t\t<span class=\"w-form-row-field-bar\"><\/span>\r\n\t\t\t<\/div>\r\n\t<div class=\"w-form-row-state\"><\/div>\r\n\t<\/div>\r\n\t\t\t\t\t<div class=\"w-form-row for_email required\">\r\n\t<div class=\"w-form-row-label\">\r\n\t\t<label for=\"us_form_1_email\"><\/label>\r\n\t<\/div>\r\n\t<div class=\"w-form-row-field\">\r\n\t\t\t\t<input type=\"email\" name=\"email\" id=\"us_form_1_email\" value=\"\"\r\n\t\t\t   placeholder=\"Correo electr\u00f3nico *\" data-required=\"true\" aria-required=\"true\"\/>\r\n\t\t<span class=\"w-form-row-field-bar\"><\/span>\r\n\t\t\t<\/div>\r\n\t<div class=\"w-form-row-state\"><\/div>\r\n\t<\/div>\r\n\t\t\t\t\t<div class=\"w-form-row for_phone\">\r\n\t<div class=\"w-form-row-label\">\r\n\t\t<label for=\"us_form_1_phone\"><\/label>\r\n\t<\/div>\r\n\t<div class=\"w-form-row-field\">\r\n\t\t\t\t<input type=\"text\" name=\"phone\" id=\"us_form_1_phone\" value=\"\"\r\n\t\t\t   placeholder=\"N\u00famero de tel\u00e9fono\"\/>\r\n\t\t<span class=\"w-form-row-field-bar\"><\/span>\r\n\t\t\t<\/div>\r\n\t<div class=\"w-form-row-state\"><\/div>\r\n\t<\/div>\r\n\t\t\t\t\t<div class=\"w-form-row for_message required\">\r\n\t<div class=\"w-form-row-label\">\r\n\t\t<label for=\"us_form_1_message\"><\/label>\r\n\t<\/div>\r\n\t<div class=\"w-form-row-field\">\r\n\t\t\t\t<textarea name=\"message\" id=\"us_form_1_message\" cols=\"30\" rows=\"10\" placeholder=\"Mensaje *\"\r\n\t\t\t data-required=\"true\" aria-required=\"true\"><\/textarea>\r\n\t\t<span class=\"w-form-row-field-bar\"><\/span>\r\n\t\t\t<\/div>\r\n\t<div class=\"w-form-row-state\"><\/div>\r\n\t<\/div>\r\n\t\t\t\t\t<input type=\"hidden\" name=\"action\" value=\"us_ajax_cform\" \/>\r\n\t\t\t\t\t<input type=\"hidden\" name=\"post_id\" value=\"326\" \/>\r\n\t\t\t\t\t<input type=\"hidden\" name=\"form_index\" value=\"1\" \/>\r\n\t\t\t\t\t<div class=\"w-form-row for_submit\">\r\n\t<div class=\"w-form-row-field\">\r\n\t\t<button class=\"w-btn  color_primary style_solid\" type=\"submit\"><span class=\"g-preloader type_1\"><\/span><span class=\"w-btn-label\">Enviar missatge<\/span><\/button>\r\n\t<\/div>\r\n<\/div>\r\n\t\t\t\t<div class=\"w-form-message\"><\/div>\r\n\t\t\t<\/form>\r\n\t\t\t<div class=\"w-form-json hidden\" onclick='return {&quot;ajaxurl&quot;:&quot;https:\\\/\\\/sicoris.com\\\/wp-admin\\\/admin-ajax.php&quot;,&quot;success&quot;:&quot;\\u00a1Gracias! Tu mensaje ha sido enviado correctamente.&quot;,&quot;errors&quot;:{&quot;name&quot;:&quot;Por favor, introduce tu nombre&quot;,&quot;email&quot;:&quot;Por favor, introduce una direcci\\u00f3n de correo electr\\u00f3nico v\\u00e1lida.&quot;,&quot;phone&quot;:&quot;Por favor, introduce tu n\\u00famero de tel\\u00e9fono&quot;,&quot;message&quot;:&quot;Por favor, introduce un mensaje&quot;}}'><\/div>\r\n\t<\/div>\r\n<\/div><\/div><\/div><div class=\"vc_col-sm-6 wpb_column vc_column_container\"><div class=\"vc_column-inner\"><div class=\"wpb_wrapper\">\r\n\t<div class=\"wpb_text_column \">\r\n\t\t<div class=\"wpb_wrapper\">\r\n\t\t\t<p><iframe loading=\"lazy\" style=\"border: 0;\" src=\"https:\/\/www.google.com\/maps\/embed?pb=!1m14!1m8!1m3!1d1487.4694963738489!2d0.8099953904958959!3d41.78652841761735!3m2!1i1024!2i768!4f13.1!3m3!1m2!1s0x0%3A0x7824765aa3701e81!2sGrup+Espais+Sicoris+SL!5e0!3m2!1ses!2ses!4v1509466265127\" width=\"600\" height=\"450\" frameborder=\"0\" allowfullscreen=\"allowfullscreen\" data-mce-fragment=\"1\"><\/iframe><\/p>\n\r\n\t\t<\/div>\r\n\t<\/div>\r\n<\/div><\/div><\/div><\/div>[vc_empty_space height=\u00bb108px\u00bb]<\/div><\/div><\/div><\/div><\/div><\/section>\n","protected":false},"excerpt":{"rendered":"[rev_slider_vc alias=\"espanol\"][vc_empty_space height=\"108px\"] GRUPO PROMOTOR SICORIS [vc_empty_space height=\"45px\"] Somos una empresa de promoci\u00f3n inmobiliaria residencial con una orientaci\u00f3n a la profesionalidad y al producto de calidad [vc_empty_space height=\"108px\"][vc_empty_space height=\"108px\"] SICORIS [vc_empty_space][vc_empty_space] M\u00e1s de 35 a\u00f1os dedicados a la promoci\u00f3n inmobiliaria, dando calidad de vida a las personas. [vc_empty_space] GRUPO PROMOTOR SICORIS es un grupo empresarial...","protected":false},"author":1,"featured_media":0,"parent":0,"menu_order":0,"comment_status":"closed","ping_status":"closed","template":"","meta":{"footnotes":""},"class_list":["post-326","page","type-page","status-publish","hentry"],"_links":{"self":[{"href":"https:\/\/sicoris.com\/es\/wp-json\/wp\/v2\/pages\/326"}],"collection":[{"href":"https:\/\/sicoris.com\/es\/wp-json\/wp\/v2\/pages"}],"about":[{"href":"https:\/\/sicoris.com\/es\/wp-json\/wp\/v2\/types\/page"}],"author":[{"embeddable":true,"href":"https:\/\/sicoris.com\/es\/wp-json\/wp\/v2\/users\/1"}],"replies":[{"embeddable":true,"href":"https:\/\/sicoris.com\/es\/wp-json\/wp\/v2\/comments?post=326"}],"version-history":[{"count":5,"href":"https:\/\/sicoris.com\/es\/wp-json\/wp\/v2\/pages\/326\/revisions"}],"predecessor-version":[{"id":475,"href":"https:\/\/sicoris.com\/es\/wp-json\/wp\/v2\/pages\/326\/revisions\/475"}],"wp:attachment":[{"href":"https:\/\/sicoris.com\/es\/wp-json\/wp\/v2\/media?parent=326"}],"curies":[{"name":"wp","href":"https:\/\/api.w.org\/{rel}","templated":true}]}}