{"id":334,"date":"2017-11-03T11:12:55","date_gmt":"2017-11-03T11:12:55","guid":{"rendered":"http:\/\/sicoris.com\/?page_id=334&#038;lang=es"},"modified":"2017-11-03T11:38:47","modified_gmt":"2017-11-03T11:38:47","slug":"qui-som","status":"publish","type":"page","link":"https:\/\/sicoris.com\/es\/qui-som\/","title":{"rendered":"QUIENES SOMOS"},"content":{"rendered":"<section class=\"l-section wpb_row height_auto width_full with_img\"><div class=\"l-section-img\" style=\"background-image: url(https:\/\/sicoris.com\/wp-content\/uploads\/2017\/10\/O9VW370.jpg);background-position: bottom center;\" data-img-width=\"6000\" data-img-height=\"3149\"><\/div><div class=\"l-section-h i-cf\"><div class=\"g-cols vc_row type_default valign_top\"><div class=\"vc_col-sm-12 wpb_column vc_column_container\"><div class=\"vc_column-inner\"><div class=\"wpb_wrapper\">[vc_empty_space height=\u00bb108px\u00bb]<div class=\"g-cols wpb_row type_default valign_top vc_inner \"><div class=\"vc_col-sm-3 wpb_column vc_column_container\"><div class=\"vc_column-inner\"><div class=\"wpb_wrapper\"><\/div><\/div><\/div><div class=\"vc_col-sm-3 wpb_column vc_column_container has-fill\"><div class=\"vc_column-inner  vc_custom_1509101168677\"><div class=\"wpb_wrapper\">\r\n\t<div class=\"wpb_text_column \">\r\n\t\t<div class=\"wpb_wrapper\">\r\n\t\t\t<h1><span style=\"color: #474747;\">QUIENES SOMOS<\/span><\/h1>\n\r\n\t\t<\/div>\r\n\t<\/div>\r\n<div class=\"w-separator type_default size_small thick_1 style_solid color_border cont_none\"><span class=\"w-separator-h\"><\/span><\/div>\r\n\t<div class=\"wpb_text_column \">\r\n\t\t<div class=\"wpb_wrapper\">\r\n\t\t\t<h4><span style=\"color: #474747;\">En la actualidad Grupo Promotor Sicoris acumula la experiencia de dos generaciones i consolida una trayectoria ascendente en el mundo de la promoci\u00f3n inmobiliaria<\/span><\/h4>\n\r\n\t\t<\/div>\r\n\t<\/div>\r\n<\/div><\/div><\/div><div class=\"vc_col-sm-3 wpb_column vc_column_container\"><div class=\"vc_column-inner\"><div class=\"wpb_wrapper\"><\/div><\/div><\/div><div class=\"vc_col-sm-3 wpb_column vc_column_container\"><div class=\"vc_column-inner\"><div class=\"wpb_wrapper\"><\/div><\/div><\/div><\/div>[vc_empty_space height=\u00bb108px\u00bb]<\/div><\/div><\/div><\/div><\/div><\/section><section class=\"l-section wpb_row height_auto width_full with_overlay\"><div class=\"l-section-overlay\" style=\"background-color: #e6de81\"><\/div><div class=\"l-section-h i-cf\"><div class=\"g-cols vc_row type_default valign_top\"><div class=\"vc_col-sm-12 wpb_column vc_column_container\"><div class=\"vc_column-inner\"><div class=\"wpb_wrapper\">[vc_empty_space height=\u00bb54px\u00bb]<div class=\"g-cols wpb_row type_default valign_top vc_inner \"><div class=\"vc_col-sm-2 wpb_column vc_column_container\"><div class=\"vc_column-inner\"><div class=\"wpb_wrapper\">[vc_empty_space]<\/div><\/div><\/div><div class=\"vc_col-sm-8 wpb_column vc_column_container\"><div class=\"vc_column-inner\"><div class=\"wpb_wrapper\">\r\n\t<div class=\"wpb_text_column \">\r\n\t\t<div class=\"wpb_wrapper\">\r\n\t\t\t<h1 style=\"text-align: center;\">Nuestra\u00a0filosof\u00eda<\/h1>\n\r\n\t\t<\/div>\r\n\t<\/div>\r\n[vc_empty_space height=\u00bb45px\u00bb]\r\n\t<div class=\"wpb_text_column \">\r\n\t\t<div class=\"wpb_wrapper\">\r\n\t\t\t<h3 style=\"text-align: center;\">Dise\u00f1amos promociones inmobiliarias que adem\u00e1s de tener una gran calidad t\u00e9cnica, disponen de una gran orientaci\u00f3n comercial i de negocio.<\/h3>\n\r\n\t\t<\/div>\r\n\t<\/div>\r\n<\/div><\/div><\/div><div class=\"vc_col-sm-2 wpb_column vc_column_container\"><div class=\"vc_column-inner\"><div class=\"wpb_wrapper\">[vc_empty_space]<\/div><\/div><\/div><\/div>[vc_empty_space height=\u00bb54px\u00bb]<\/div><\/div><\/div><\/div><\/div><\/section><section class=\"l-section wpb_row height_auto with_img\"><div class=\"l-section-img\" style=\"background-image: url(https:\/\/sicoris.com\/wp-content\/uploads\/2017\/10\/W71983.jpg);\" data-img-width=\"1910\" data-img-height=\"1273\"><\/div><div class=\"l-section-h i-cf\"><div class=\"g-cols vc_row type_default valign_top\"><div class=\"vc_col-sm-12 wpb_column vc_column_container\"><div class=\"vc_column-inner\"><div class=\"wpb_wrapper\">[vc_empty_space height=\u00bb108px\u00bb]<div class=\"g-cols wpb_row type_default valign_top vc_inner \"><div class=\"vc_col-sm-6 wpb_column vc_column_container\"><div class=\"vc_column-inner\"><div class=\"wpb_wrapper\">[vc_empty_space]<\/div><\/div><\/div><div class=\"vc_col-sm-6 wpb_column vc_column_container has-fill\"><div class=\"vc_column-inner  vc_custom_1509105502253\"><div class=\"wpb_wrapper\">\r\n\t<div class=\"wpb_text_column \">\r\n\t\t<div class=\"wpb_wrapper\">\r\n\t\t\t<p>Somos promotores profesionales. En nuestra b\u00fasqueda de la excelencia, buscamos la eficacia i la eficiencia.<\/p>\n<p>Somos eficaces en dise\u00f1ar y ejecutar promociones con un alto nivel de acabados que ofrecen viviendas con un gran bienestar a sus ocupantes.<\/p>\n<p>Somos eficientes en llevar una planificaci\u00f3n y un seguimiento de todo el proyecto que nos permite ejecutar aquellas promociones que dise\u00f1amos siempre dentro de los par\u00e1metros de negocio previstos en cada proyecto.<\/p>\n\r\n\t\t<\/div>\r\n\t<\/div>\r\n<\/div><\/div><\/div><\/div>[vc_empty_space height=\u00bb108px\u00bb]<\/div><\/div><\/div><\/div><\/div><\/section><section class=\"l-section wpb_row height_auto width_full\"><div class=\"l-section-h i-cf\"><div class=\"g-cols vc_row type_default valign_middle\"><div class=\"vc_col-sm-12 wpb_column vc_column_container\"><div class=\"vc_column-inner\"><div class=\"wpb_wrapper\">[vc_empty_space height=\u00bb108px\u00bb]<div class=\"g-cols wpb_row type_default valign_middle vc_inner \"><div class=\"vc_col-sm-4 wpb_column vc_column_container\"><div class=\"vc_column-inner\"><div class=\"wpb_wrapper\"><div class=\"w-image\"><div class=\"w-image-h\"><img loading=\"lazy\" decoding=\"async\" width=\"615\" height=\"410\" src=\"https:\/\/sicoris.com\/wp-content\/uploads\/2017\/10\/w87.jpg\" class=\"attachment-full size-full\" alt=\"\" srcset=\"https:\/\/sicoris.com\/wp-content\/uploads\/2017\/10\/w87.jpg 615w, https:\/\/sicoris.com\/wp-content\/uploads\/2017\/10\/w87-300x200.jpg 300w\" sizes=\"(max-width: 615px) 100vw, 615px\" \/><\/div><\/div><\/div><\/div><\/div><div class=\"vc_col-sm-8 wpb_column vc_column_container has-fill\"><div class=\"vc_column-inner  vc_custom_1509634986537\"><div class=\"wpb_wrapper\">\r\n\t<div class=\"wpb_text_column \">\r\n\t\t<div class=\"wpb_wrapper\">\r\n\t\t\t<h3>Compromiso social<\/h3>\n<h4><\/h4>\n\r\n\t\t<\/div>\r\n\t<\/div>\r\n\r\n\t<div class=\"wpb_text_column  vc_custom_1509709127588\">\r\n\t\t<div class=\"wpb_wrapper\">\r\n\t\t\t<p><span style=\"color: #ffffff;\">Buscamos desarrollar en nuestras promociones, esas viviendas con una excelente t\u00e9cnica constructiva que adem\u00e1s promuevan la salud f\u00edsica, mental i social de sus residentes. Buscamos minimizar los impactos ambientales generados por el desarrollo de nuestra actividad , optimizando la gesti\u00f3n del agua, orientando las actuaciones a la minimizaci\u00f3n de las emisiones al aire, trabajando en la gesti\u00f3n de residuos.<\/span><\/p>\n<p><span style=\"color: #ffffff;\">Trabajamos por la mejora del bienestar de los residentes en nuestras promociones. El planeta es nuestro hogar y lo cuidamos. Nuestras promociones mejoran las condiciones de salud, sociales y ambientales de nuestros clientes.<\/span><\/p>\n\r\n\t\t<\/div>\r\n\t<\/div>\r\n<\/div><\/div><\/div><\/div>[vc_empty_space height=\u00bb108px\u00bb]<\/div><\/div><\/div><\/div><\/div><\/section><section class=\"l-section wpb_row height_auto with_img\"><div class=\"l-section-img\" style=\"background-image: url(https:\/\/sicoris.com\/wp-content\/uploads\/2017\/10\/W957.jpg);\" data-img-width=\"1910\" data-img-height=\"1275\"><\/div><div class=\"l-section-h i-cf\"><div class=\"g-cols vc_row type_default valign_top\"><div class=\"vc_col-sm-12 wpb_column vc_column_container\"><div class=\"vc_column-inner\"><div class=\"wpb_wrapper\">[vc_empty_space height=\u00bb108px\u00bb]<div class=\"g-cols wpb_row type_default valign_top vc_inner \"><div class=\"vc_col-sm-8 wpb_column vc_column_container has-fill\"><div class=\"vc_column-inner  vc_custom_1509380793274\"><div class=\"wpb_wrapper\">\r\n\t<div class=\"wpb_text_column \">\r\n\t\t<div class=\"wpb_wrapper\">\r\n\t\t\t<h3><span style=\"color: #474747;\">Nuevas tecnolog\u00edas<\/span><\/h3>\n<p><span style=\"color: #474747;\">Nos adaptamos a los nuevos retos de los nuevos tiempos. Aplicamos las nuevas tecnolog\u00edas a la promoci\u00f3n inmobiliaria. <\/span><\/p>\n<p><span style=\"color: #474747;\">Dise\u00f1amos promociones con criterios de eficiencia energ\u00e9tica incluso m\u00e1s all\u00e1 de las normativas actuales<\/span><\/p>\n<p><span style=\"color: #474747;\">Aplicamos criterios de bioconstrucci\u00f3n desde una visi\u00f3n hol\u00edstica para ofrecer viviendas m\u00e1s sanas para sus ocupantes<\/span><\/p>\n<p><span style=\"color: #474747;\">Instalamos dom\u00f3tica en la vivienda como una herramienta para aumentar el confort, la seguridad y el bienestar de sus ocupantes<\/span><\/p>\n\r\n\t\t<\/div>\r\n\t<\/div>\r\n<\/div><\/div><\/div><div class=\"vc_col-sm-4 wpb_column vc_column_container\"><div class=\"vc_column-inner\"><div class=\"wpb_wrapper\"><\/div><\/div><\/div><\/div>[vc_empty_space height=\u00bb108px\u00bb]<\/div><\/div><\/div><\/div><\/div><\/section>\n","protected":false},"excerpt":{"rendered":"[vc_empty_space height=\"108px\"] QUIENES SOMOS En la actualidad Grupo Promotor Sicoris acumula la experiencia de dos generaciones i consolida una trayectoria ascendente en el mundo de la promoci\u00f3n inmobiliaria [vc_empty_space height=\"108px\"][vc_empty_space height=\"54px\"][vc_empty_space] Nuestra\u00a0filosof\u00eda [vc_empty_space height=\"45px\"] Dise\u00f1amos promociones inmobiliarias que adem\u00e1s de tener una gran calidad t\u00e9cnica, disponen de una gran orientaci\u00f3n comercial i de negocio. [vc_empty_space][vc_empty_space...","protected":false},"author":1,"featured_media":0,"parent":0,"menu_order":0,"comment_status":"closed","ping_status":"closed","template":"","meta":{"footnotes":""},"class_list":["post-334","page","type-page","status-publish","hentry"],"_links":{"self":[{"href":"https:\/\/sicoris.com\/es\/wp-json\/wp\/v2\/pages\/334"}],"collection":[{"href":"https:\/\/sicoris.com\/es\/wp-json\/wp\/v2\/pages"}],"about":[{"href":"https:\/\/sicoris.com\/es\/wp-json\/wp\/v2\/types\/page"}],"author":[{"embeddable":true,"href":"https:\/\/sicoris.com\/es\/wp-json\/wp\/v2\/users\/1"}],"replies":[{"embeddable":true,"href":"https:\/\/sicoris.com\/es\/wp-json\/wp\/v2\/comments?post=334"}],"version-history":[{"count":4,"href":"https:\/\/sicoris.com\/es\/wp-json\/wp\/v2\/pages\/334\/revisions"}],"predecessor-version":[{"id":461,"href":"https:\/\/sicoris.com\/es\/wp-json\/wp\/v2\/pages\/334\/revisions\/461"}],"wp:attachment":[{"href":"https:\/\/sicoris.com\/es\/wp-json\/wp\/v2\/media?parent=334"}],"curies":[{"name":"wp","href":"https:\/\/api.w.org\/{rel}","templated":true}]}}