{"id":338,"date":"2017-11-03T11:13:24","date_gmt":"2017-11-03T11:13:24","guid":{"rendered":"http:\/\/sicoris.com\/?page_id=338&#038;lang=es"},"modified":"2017-11-03T12:13:39","modified_gmt":"2017-11-03T12:13:39","slug":"serveis","status":"publish","type":"page","link":"https:\/\/sicoris.com\/es\/serveis\/","title":{"rendered":"SERVICIOS"},"content":{"rendered":"<section class=\"l-section wpb_row height_auto width_full with_img\"><div class=\"l-section-img\" style=\"background-image: url(https:\/\/sicoris.com\/wp-content\/uploads\/2017\/10\/w2089.jpg);background-repeat: no-repeat;\" data-img-width=\"1910\" data-img-height=\"1273\"><\/div><div class=\"l-section-h i-cf\"><div class=\"g-cols vc_row type_default valign_middle\"><div class=\"vc_col-sm-12 wpb_column vc_column_container\"><div class=\"vc_column-inner\"><div class=\"wpb_wrapper\">[vc_empty_space height=\u00bb504px\u00bb]<\/div><\/div><\/div><\/div><\/div><\/section><section class=\"l-section wpb_row height_auto width_full with_overlay\"><div class=\"l-section-overlay\" style=\"background-color: #afc8b5\"><\/div><div class=\"l-section-h i-cf\"><div class=\"g-cols vc_row type_default valign_top\"><div class=\"vc_col-sm-12 wpb_column vc_column_container\"><div class=\"vc_column-inner\"><div class=\"wpb_wrapper\">[vc_empty_space height=\u00bb54px\u00bb]<div class=\"g-cols wpb_row type_default valign_top vc_inner \"><div class=\"vc_col-sm-2 wpb_column vc_column_container\"><div class=\"vc_column-inner\"><div class=\"wpb_wrapper\">[vc_empty_space]<\/div><\/div><\/div><div class=\"vc_col-sm-8 wpb_column vc_column_container\"><div class=\"vc_column-inner\"><div class=\"wpb_wrapper\">\r\n\t<div class=\"wpb_text_column \">\r\n\t\t<div class=\"wpb_wrapper\">\r\n\t\t\t<h4 style=\"text-align: center;\"><strong><em>\u00abYo hago lo que usted no puede y usted hace lo que yo no puedo. Juntos podemos hacer grandes cosas.\u00bb<\/em><\/strong><\/h4>\n<h4 style=\"text-align: right;\"><strong>Teresa de Calculta<\/strong><\/h4>\n\r\n\t\t<\/div>\r\n\t<\/div>\r\n<\/div><\/div><\/div><div class=\"vc_col-sm-2 wpb_column vc_column_container\"><div class=\"vc_column-inner\"><div class=\"wpb_wrapper\">[vc_empty_space]<\/div><\/div><\/div><\/div>[vc_empty_space height=\u00bb54px\u00bb]<\/div><\/div><\/div><\/div><\/div><\/section><section class=\"l-section wpb_row height_auto width_full\"><div class=\"l-section-h i-cf\"><div class=\"g-cols vc_row type_default valign_middle\"><div class=\"vc_col-sm-12 wpb_column vc_column_container\"><div class=\"vc_column-inner\"><div class=\"wpb_wrapper\">[vc_empty_space height=\u00bb108px\u00bb]<div class=\"g-cols wpb_row type_default valign_middle vc_inner \"><div class=\"vc_col-sm-4 wpb_column vc_column_container\"><div class=\"vc_column-inner\"><div class=\"wpb_wrapper\"><div class=\"w-image\"><div class=\"w-image-h\"><img loading=\"lazy\" decoding=\"async\" width=\"614\" height=\"410\" src=\"https:\/\/sicoris.com\/wp-content\/uploads\/2017\/10\/481-1.jpg\" class=\"attachment-full size-full\" alt=\"\" srcset=\"https:\/\/sicoris.com\/wp-content\/uploads\/2017\/10\/481-1.jpg 614w, https:\/\/sicoris.com\/wp-content\/uploads\/2017\/10\/481-1-300x200.jpg 300w\" sizes=\"(max-width: 614px) 100vw, 614px\" \/><\/div><\/div><\/div><\/div><\/div><div class=\"vc_col-sm-6 wpb_column vc_column_container\"><div class=\"vc_column-inner\"><div class=\"wpb_wrapper\">\r\n\t<div class=\"wpb_text_column \">\r\n\t\t<div class=\"wpb_wrapper\">\r\n\t\t\t<h3 style=\"text-align: center;\"><span style=\"color: #474747;\">Desarrollamos promociones tanto propias como para terceros. Desarrollamos promociones para propietarios e inversores de suelo. Desarrollamos promociones en cooperativa.<\/span><\/h3>\n\r\n\t\t<\/div>\r\n\t<\/div>\r\n<\/div><\/div><\/div><div class=\"vc_col-sm-2 wpb_column vc_column_container\"><div class=\"vc_column-inner\"><div class=\"wpb_wrapper\">[vc_empty_space]<\/div><\/div><\/div><\/div>[vc_empty_space height=\u00bb108px\u00bb]<\/div><\/div><\/div><\/div><\/div><\/section><section class=\"l-section wpb_row height_auto width_full with_img\"><div class=\"l-section-img\" style=\"background-image: url(https:\/\/sicoris.com\/wp-content\/uploads\/2017\/10\/w475.jpg);background-position: center right;\" data-img-width=\"1910\" data-img-height=\"1273\"><\/div><div class=\"l-section-h i-cf\"><div class=\"g-cols vc_row type_default valign_middle\"><div class=\"vc_col-sm-12 wpb_column vc_column_container\"><div class=\"vc_column-inner\"><div class=\"wpb_wrapper\">[vc_empty_space height=\u00bb108px\u00bb]<div class=\"g-cols wpb_row type_default valign_middle vc_inner \"><div class=\"vc_col-sm-3 wpb_column vc_column_container\"><div class=\"vc_column-inner\"><div class=\"wpb_wrapper\"><\/div><\/div><\/div><div class=\"vc_col-sm-6 wpb_column vc_column_container has-fill\"><div class=\"vc_column-inner  vc_custom_1509635421508\"><div class=\"wpb_wrapper\">\r\n\t<div class=\"wpb_text_column \">\r\n\t\t<div class=\"wpb_wrapper\">\r\n\t\t\t<h2 style=\"text-align: center;\"><strong>Realizamos estudios para terceros:<\/strong><\/h2>\n<h4><\/h4>\n\r\n\t\t<\/div>\r\n\t<\/div>\r\n<\/div><\/div><\/div><div class=\"vc_col-sm-3 wpb_column vc_column_container\"><div class=\"vc_column-inner\"><div class=\"wpb_wrapper\"><\/div><\/div><\/div><\/div><div class=\"g-cols wpb_row type_default valign_middle vc_inner \"><div class=\"vc_col-sm-3 wpb_column vc_column_container\"><div class=\"vc_column-inner\"><div class=\"wpb_wrapper\"><\/div><\/div><\/div><div class=\"vc_col-sm-3 wpb_column vc_column_container has-fill\"><div class=\"vc_column-inner  vc_custom_1509442341079\"><div class=\"wpb_wrapper\">[vc_empty_space height=\u00bb36px\u00bb]\r\n\t<div class=\"wpb_text_column \">\r\n\t\t<div class=\"wpb_wrapper\">\r\n\t\t\t<ul>\n<li>\n<h5><span style=\"color: #474747;\">Teniendo en cuenta las caracter\u00edsticas t\u00e9cnicas y urban\u00edsticas de la promoci\u00f3n dise\u00f1amos el producto comercialmente m\u00e1s viable.<\/span><\/h5>\n<\/li>\n<\/ul>\n<ul>\n<li>\n<h5><span style=\"color: #474747;\">An\u00e1lisis de viabilidad<\/span><\/h5>\n<\/li>\n<\/ul>\n<ul>\n<li>\n<h5><span style=\"color: #474747;\">Plan de marketing<\/span><\/h5>\n<\/li>\n<li>\n<h5><span style=\"color: #474747;\">Estudio de mercado (oferta y demanda)<\/span><\/h5>\n<\/li>\n<li>\n<h5><span style=\"color: #474747;\">Dise\u00f1o de promociones inmobiliarias<\/span><\/h5>\n<\/li>\n<\/ul>\n\r\n\t\t<\/div>\r\n\t<\/div>\r\n[vc_empty_space height=\u00bb36px\u00bb]<\/div><\/div><\/div><div class=\"vc_col-sm-3 wpb_column vc_column_container has-fill\"><div class=\"vc_column-inner  vc_custom_1509442334609\"><div class=\"wpb_wrapper\">[vc_empty_space height=\u00bb36px\u00bb]\r\n\t<div class=\"wpb_text_column \">\r\n\t\t<div class=\"wpb_wrapper\">\r\n\t\t\t<ul>\n<li>\n<h5><span style=\"color: #474747;\">An\u00e1lisis de contingencias<\/span><\/h5>\n<\/li>\n<li>\n<h5><span style=\"color: #474747;\">B\u00fasqueda de financiaci\u00f3n y elaboraci\u00f3n de estrategia financiera<\/span><\/h5>\n<\/li>\n<li>\n<h5><span style=\"color: #474747;\">Negociaci\u00f3n bancaria<\/span><\/h5>\n<\/li>\n<li>\n<h5><span style=\"color: #474747;\">Negociaci\u00f3n con las administraciones<\/span><\/h5>\n<\/li>\n<li>\n<h5><span style=\"color: #474747;\">Creaci\u00f3n de cooperativas de vivienda<\/span><\/h5>\n<\/li>\n<li>\n<h5><span style=\"color: #474747;\">Aplicaci\u00f3n de las nuevas tendencias en construcci\u00f3n<\/span><\/h5>\n<\/li>\n<\/ul>\n\r\n\t\t<\/div>\r\n\t<\/div>\r\n[vc_empty_space height=\u00bb36px\u00bb]<\/div><\/div><\/div><div class=\"vc_col-sm-3 wpb_column vc_column_container\"><div class=\"vc_column-inner\"><div class=\"wpb_wrapper\"><\/div><\/div><\/div><\/div>[vc_empty_space height=\u00bb108px\u00bb]<\/div><\/div><\/div><\/div><\/div><\/section>\n","protected":false},"excerpt":{"rendered":"[vc_empty_space height=\"504px\"][vc_empty_space height=\"54px\"][vc_empty_space] \"Yo hago lo que usted no puede y usted hace lo que yo no puedo. Juntos podemos hacer grandes cosas.\" Teresa de Calculta [vc_empty_space][vc_empty_space height=\"54px\"][vc_empty_space height=\"108px\"] Desarrollamos promociones tanto propias como para terceros. Desarrollamos promociones para propietarios e inversores de suelo. Desarrollamos promociones en cooperativa. [vc_empty_space][vc_empty_space height=\"108px\"][vc_empty_space height=\"108px\"] Realizamos estudios para terceros:...","protected":false},"author":1,"featured_media":0,"parent":0,"menu_order":0,"comment_status":"closed","ping_status":"closed","template":"","meta":{"footnotes":""},"class_list":["post-338","page","type-page","status-publish","hentry"],"_links":{"self":[{"href":"https:\/\/sicoris.com\/es\/wp-json\/wp\/v2\/pages\/338"}],"collection":[{"href":"https:\/\/sicoris.com\/es\/wp-json\/wp\/v2\/pages"}],"about":[{"href":"https:\/\/sicoris.com\/es\/wp-json\/wp\/v2\/types\/page"}],"author":[{"embeddable":true,"href":"https:\/\/sicoris.com\/es\/wp-json\/wp\/v2\/users\/1"}],"replies":[{"embeddable":true,"href":"https:\/\/sicoris.com\/es\/wp-json\/wp\/v2\/comments?post=338"}],"version-history":[{"count":4,"href":"https:\/\/sicoris.com\/es\/wp-json\/wp\/v2\/pages\/338\/revisions"}],"predecessor-version":[{"id":477,"href":"https:\/\/sicoris.com\/es\/wp-json\/wp\/v2\/pages\/338\/revisions\/477"}],"wp:attachment":[{"href":"https:\/\/sicoris.com\/es\/wp-json\/wp\/v2\/media?parent=338"}],"curies":[{"name":"wp","href":"https:\/\/api.w.org\/{rel}","templated":true}]}}